{"id":630,"date":"2017-06-16T12:37:13","date_gmt":"2017-06-16T12:37:13","guid":{"rendered":"http:\/\/stockholm21.select-themes.com\/?page_id=4"},"modified":"2019-11-04T23:46:20","modified_gmt":"2019-11-04T20:46:20","slug":"whispering-inspiration","status":"publish","type":"page","link":"https:\/\/studiokali.com.tr\/tr\/","title":{"rendered":"Studio Kali"},"content":{"rendered":"<div class=\"wpb-content-wrapper\"><p>[vc_row row_type=&#8221;row&#8221; use_row_as_full_screen_section=&#8221;no&#8221; type=&#8221;full_width&#8221; text_align=&#8221;left&#8221; background_animation=&#8221;none&#8221; css_animation=&#8221;&#8221;][vc_column width=&#8221;1\/6&#8243;][\/vc_column][vc_column css_animation=&#8221;none&#8221; width=&#8221;5\/6&#8243;][vc_single_image image=&#8221;3140&#8243; img_size=&#8221;full&#8221; qode_css_animation=&#8221;element_from_left&#8221;][\/vc_column][\/vc_row][vc_row row_type=&#8221;row&#8221; use_row_as_full_screen_section=&#8221;no&#8221; type=&#8221;grid&#8221; text_align=&#8221;left&#8221; background_animation=&#8221;none&#8221; css_animation=&#8221;element_from_right&#8221; css=&#8221;.vc_custom_1537574165466{margin-top: -36px !important;}&#8221;][vc_column css=&#8221;.vc_custom_1497885350244{margin-top: -3% !important;}&#8221;][qode_elements_holder number_of_columns=&#8221;one_column&#8221;][qode_elements_holder_item item_padding=&#8221;0% 0% 0% 25%&#8221;][vc_column_text]<\/p>\n<h2>Studio Kali&#8217;ye Ho\u015fgeldiniz<\/h2>\n<p>[\/vc_column_text][vc_empty_space height=&#8221;20px&#8221;][vc_column_text css=&#8221;.vc_custom_1572898189086{padding-right: 9% !important;}&#8221;]<span style=\"color: #333333;\">Studio Kali \u0130stanbul&#8217;da yer alan, \u00e7ok disiplinli bir tasar\u0131m st\u00fcdyosu. \u00dcr\u00fcn tasar\u0131m\u0131, mobilya tasar\u0131m\u0131, ambalaj tasar\u0131m\u0131 ve tasar\u0131m stratejisi gibi hizmetlerinin yan\u0131nda Studio Kali, kendi markas\u0131 alt\u0131nda sundu\u011fu \u00fcr\u00fcn koleksiyonuyla g\u00fcncel bir tasar\u0131m markas\u0131 ayn\u0131 zamanda. <\/span><\/p>\n<p>&nbsp;<\/p>\n<p><span style=\"color: #333333;\">Kali&#8217;de ustal\u0131kla yarat\u0131lm\u0131\u015f \u00fcr\u00fcn ve deneyimler ortaya \u00e7\u0131karmak i\u00e7in ortaklar\u0131m\u0131zla birlikte \u00e7al\u0131\u015f\u0131yoruz.<\/span><\/p>\n<p>&nbsp;<\/p>\n<p><span style=\"color: #333333;\">St\u00fcdyomuz yarat\u0131c\u0131l\u0131k, kararl\u0131l\u0131k ve tutkunun, ilham veren her \u015feyin temel bile\u015fenleri oldu\u011fu fikriyle yol al\u0131yor&#8230; <\/span>[\/vc_column_text][vc_empty_space height=&#8221;36px&#8221;]<a href=\"https:\/\/studiokali.com.tr\/tr\/hakkinda\/\" target=\"_self\" data-hover-background-color=#ffffff data-hover-border-color=#cccccc data-hover-color=#0a0a0a class=\"qbutton  display_dash\" style=\"color: #0a0a0a; border-color: #cccccc; background-color: #ffffff;\">daha fazla<\/a>[\/qode_elements_holder_item][\/qode_elements_holder][\/vc_column][\/vc_row][vc_row row_type=&#8221;row&#8221; use_row_as_full_screen_section=&#8221;no&#8221; type=&#8221;full_width&#8221; text_align=&#8221;left&#8221; background_animation=&#8221;none&#8221; css_animation=&#8221;&#8221;][vc_column][vc_empty_space height=&#8221;60px&#8221;][\/vc_column][\/vc_row][vc_row row_type=&#8221;row&#8221; use_row_as_full_screen_section=&#8221;no&#8221; type=&#8221;grid&#8221; text_align=&#8221;center&#8221; background_animation=&#8221;none&#8221; css_animation=&#8221;&#8221;][vc_column el_class=&#8221;homeport&#8221;]<div class='projects_holder_outer v2 portfolio_with_space portfolio_with_hover_text  qode-filter-position-top'>\n\t\t\n\t<div class='projects_holder clearfix v2 hover_text portfolio_square_image '>\n\t\t<article class=\"mix portfolio_category_99\">\n    <div class='image_holder elegant_hover'>\n        \n<span class='image'><img loading=\"lazy\" decoding=\"async\" width=\"550\" height=\"550\" src=\"https:\/\/studiokali.com.tr\/tr\/wp-content\/uploads\/2014\/03\/Quad-1-thumbnail-550x550.jpg\" class=\"attachment-portfolio-square size-portfolio-square wp-post-image\" alt=\"\" srcset=\"https:\/\/studiokali.com.tr\/tr\/wp-content\/uploads\/2014\/03\/Quad-1-thumbnail-550x550.jpg 550w, https:\/\/studiokali.com.tr\/tr\/wp-content\/uploads\/2014\/03\/Quad-1-thumbnail-150x150.jpg 150w, https:\/\/studiokali.com.tr\/tr\/wp-content\/uploads\/2014\/03\/Quad-1-thumbnail-300x300.jpg 300w, https:\/\/studiokali.com.tr\/tr\/wp-content\/uploads\/2014\/03\/Quad-1-thumbnail.jpg 600w, https:\/\/studiokali.com.tr\/tr\/wp-content\/uploads\/2014\/03\/Quad-1-thumbnail-500x500.jpg 500w\" sizes=\"auto, (max-width: 550px) 100vw, 550px\" \/><\/span>\n                    <a class='portfolio_link_class' href='https:\/\/studiokali.com.tr\/tr\/projeler\/' target='_self'><\/a>\n\t\t\n        <div class=\"portfolio_shader\"><\/div>\n<div class=\"text_holder\">\n\t<div class=\"text_holder_inner\">\n\t\t<div class=\"text_holder_inner2\">\n\t\t\t<h3 class=\"portfolio_title\" > PROJELER<\/h3><h6 class=\"portfolio_subtitle\"> <\/h6>\t<span class=\"project_category\">\n        <span> In <\/span>\n\t\tGenel    <\/span>\n\t\t<\/div>\n\t<\/div>\n<\/div>\n\n\n\n\n    <\/div>\n<\/article>\n<article class=\"mix portfolio_category_99\">\n    <div class='image_holder elegant_hover'>\n        \n<span class='image'><img loading=\"lazy\" decoding=\"async\" width=\"550\" height=\"550\" src=\"https:\/\/studiokali.com.tr\/tr\/wp-content\/uploads\/2019\/02\/Sama-Low-Stool-Black-3-550x550.jpg\" class=\"attachment-portfolio-square size-portfolio-square wp-post-image\" alt=\"Sama Stool by Fulden Topalo\u011flu, Studio Kali\" srcset=\"https:\/\/studiokali.com.tr\/tr\/wp-content\/uploads\/2019\/02\/Sama-Low-Stool-Black-3-550x550.jpg 550w, https:\/\/studiokali.com.tr\/tr\/wp-content\/uploads\/2019\/02\/Sama-Low-Stool-Black-3-150x150.jpg 150w, https:\/\/studiokali.com.tr\/tr\/wp-content\/uploads\/2019\/02\/Sama-Low-Stool-Black-3-300x300.jpg 300w, https:\/\/studiokali.com.tr\/tr\/wp-content\/uploads\/2019\/02\/Sama-Low-Stool-Black-3-768x768.jpg 768w, https:\/\/studiokali.com.tr\/tr\/wp-content\/uploads\/2019\/02\/Sama-Low-Stool-Black-3-1024x1024.jpg 1024w, https:\/\/studiokali.com.tr\/tr\/wp-content\/uploads\/2019\/02\/Sama-Low-Stool-Black-3-500x500.jpg 500w, https:\/\/studiokali.com.tr\/tr\/wp-content\/uploads\/2019\/02\/Sama-Low-Stool-Black-3-1000x1000.jpg 1000w, https:\/\/studiokali.com.tr\/tr\/wp-content\/uploads\/2019\/02\/Sama-Low-Stool-Black-3-700x700.jpg 700w, https:\/\/studiokali.com.tr\/tr\/wp-content\/uploads\/2019\/02\/Sama-Low-Stool-Black-3.jpg 1100w\" sizes=\"auto, (max-width: 550px) 100vw, 550px\" \/><\/span>\n                    <a class='portfolio_link_class' href='https:\/\/studiokali.com.tr\/tr\/magaza\/' target='_self'><\/a>\n\t\t\n        <div class=\"portfolio_shader\"><\/div>\n<div class=\"text_holder\">\n\t<div class=\"text_holder_inner\">\n\t\t<div class=\"text_holder_inner2\">\n\t\t\t<h3 class=\"portfolio_title\" > MA\u011eAZA<\/h3><h6 class=\"portfolio_subtitle\"> <\/h6>\t<span class=\"project_category\">\n        <span> In <\/span>\n\t\tGenel    <\/span>\n\t\t<\/div>\n\t<\/div>\n<\/div>\n\n\n\n\n    <\/div>\n<\/article>\n\t\t\t\t\t<div class='filler'><\/div>\n\t\t\t\t\t\t\t\t\t<div class='filler'><\/div>\n\t\t\t\t\t<\/div>\n\t<\/div>\n[\/vc_column][\/vc_row][vc_row row_type=&#8221;row&#8221; use_row_as_full_screen_section=&#8221;no&#8221; type=&#8221;full_width&#8221; text_align=&#8221;left&#8221; background_animation=&#8221;none&#8221; css_animation=&#8221;&#8221;][vc_column][vc_empty_space height=&#8221;70px&#8221;][\/vc_column][\/vc_row]<\/p>\n<\/div>","protected":false},"excerpt":{"rendered":"<p>[vc_row row_type=&#8221;row&#8221; use_row_as_full_screen_section=&#8221;no&#8221; type=&#8221;full_width&#8221; text_align=&#8221;left&#8221; background_animation=&#8221;none&#8221; css_animation=&#8221;&#8221;][vc_column width=&#8221;1\/6&#8243;][\/vc_column][vc_column css_animation=&#8221;none&#8221; width=&#8221;5\/6&#8243;][vc_single_image image=&#8221;3140&#8243; img_size=&#8221;full&#8221; qode_css_animation=&#8221;element_from_left&#8221;][\/vc_column][\/vc_row][vc_row row_type=&#8221;row&#8221; use_row_as_full_screen_section=&#8221;no&#8221; type=&#8221;grid&#8221; text_align=&#8221;left&#8221; background_animation=&#8221;none&#8221; css_animation=&#8221;element_from_right&#8221; css=&#8221;.vc_custom_1537574165466{margin-top: -36px !important;}&#8221;][vc_column css=&#8221;.vc_custom_1497885350244{margin-top: -3% !important;}&#8221;][qode_elements_holder number_of_columns=&#8221;one_column&#8221;][qode_elements_holder_item item_padding=&#8221;0% 0% 0% 25%&#8221;][vc_column_text] Studio Kali&#8217;ye Ho\u015fgeldiniz [\/vc_column_text][vc_empty_space height=&#8221;20px&#8221;][vc_column_text css=&#8221;.vc_custom_1572898189086{padding-right: 9% !important;}&#8221;]Studio Kali \u0130stanbul&#8217;da yer alan, \u00e7ok disiplinli bir&#8230;<\/p>\n","protected":false},"author":1,"featured_media":0,"parent":0,"menu_order":0,"comment_status":"closed","ping_status":"closed","template":"","meta":{"_monsterinsights_skip_tracking":false,"_monsterinsights_sitenote_active":false,"_monsterinsights_sitenote_note":"","_monsterinsights_sitenote_category":0,"footnotes":""},"class_list":["post-630","page","type-page","status-publish","hentry"],"yoast_head":"<!-- This site is optimized with the Yoast SEO plugin v27.2 - https:\/\/yoast.com\/product\/yoast-seo-wordpress\/ -->\n<title>Studio Kali - Design Studio<\/title>\n<meta name=\"description\" content=\"Studio Kali \u0130stanbul\u2019da yer alan, \u00e7ok disiplinli bir tasar\u0131m st\u00fcdyosu. \u00dcr\u00fcn tasar\u0131m\u0131, mobilya tasar\u0131m\u0131, ambalaj tasar\u0131m\u0131 ve tasar\u0131m stratejisi gibi hizmetlerinin yan\u0131nda, Studio Kali markas\u0131 alt\u0131nda sundu\u011fu kendi \u00fcr\u00fcn koleksiyonuyla, g\u00fcncel bir tasar\u0131m markas\u0131.\" \/>\n<meta name=\"robots\" content=\"index, follow, max-snippet:-1, max-image-preview:large, max-video-preview:-1\" \/>\n<link rel=\"canonical\" href=\"https:\/\/studiokali.com.tr\/tr\/\" \/>\n<meta property=\"og:locale\" content=\"en_US\" \/>\n<meta property=\"og:type\" content=\"article\" \/>\n<meta property=\"og:title\" content=\"Studio Kali - Design Studio\" \/>\n<meta property=\"og:description\" content=\"Studio Kali \u0130stanbul\u2019da yer alan, \u00e7ok disiplinli bir tasar\u0131m st\u00fcdyosu. \u00dcr\u00fcn tasar\u0131m\u0131, mobilya tasar\u0131m\u0131, ambalaj tasar\u0131m\u0131 ve tasar\u0131m stratejisi gibi hizmetlerinin yan\u0131nda, Studio Kali markas\u0131 alt\u0131nda sundu\u011fu kendi \u00fcr\u00fcn koleksiyonuyla, g\u00fcncel bir tasar\u0131m markas\u0131.\" \/>\n<meta property=\"og:url\" content=\"https:\/\/studiokali.com.tr\/tr\/\" \/>\n<meta property=\"og:site_name\" content=\"Studio Kali\" \/>\n<meta property=\"article:modified_time\" content=\"2019-11-04T20:46:20+00:00\" \/>\n<meta name=\"twitter:card\" content=\"summary_large_image\" \/>\n<meta name=\"twitter:label1\" content=\"Est. reading time\" \/>\n\t<meta name=\"twitter:data1\" content=\"2 minutes\" \/>\n<!-- \/ Yoast SEO plugin. -->","yoast_head_json":{"title":"Studio Kali - Design Studio","description":"Studio Kali \u0130stanbul\u2019da yer alan, \u00e7ok disiplinli bir tasar\u0131m st\u00fcdyosu. \u00dcr\u00fcn tasar\u0131m\u0131, mobilya tasar\u0131m\u0131, ambalaj tasar\u0131m\u0131 ve tasar\u0131m stratejisi gibi hizmetlerinin yan\u0131nda, Studio Kali markas\u0131 alt\u0131nda sundu\u011fu kendi \u00fcr\u00fcn koleksiyonuyla, g\u00fcncel bir tasar\u0131m markas\u0131.","robots":{"index":"index","follow":"follow","max-snippet":"max-snippet:-1","max-image-preview":"max-image-preview:large","max-video-preview":"max-video-preview:-1"},"canonical":"https:\/\/studiokali.com.tr\/tr\/","og_locale":"en_US","og_type":"article","og_title":"Studio Kali - Design Studio","og_description":"Studio Kali \u0130stanbul\u2019da yer alan, \u00e7ok disiplinli bir tasar\u0131m st\u00fcdyosu. \u00dcr\u00fcn tasar\u0131m\u0131, mobilya tasar\u0131m\u0131, ambalaj tasar\u0131m\u0131 ve tasar\u0131m stratejisi gibi hizmetlerinin yan\u0131nda, Studio Kali markas\u0131 alt\u0131nda sundu\u011fu kendi \u00fcr\u00fcn koleksiyonuyla, g\u00fcncel bir tasar\u0131m markas\u0131.","og_url":"https:\/\/studiokali.com.tr\/tr\/","og_site_name":"Studio Kali","article_modified_time":"2019-11-04T20:46:20+00:00","twitter_card":"summary_large_image","twitter_misc":{"Est. reading time":"2 minutes"},"schema":{"@context":"https:\/\/schema.org","@graph":[{"@type":"WebPage","@id":"https:\/\/studiokali.com.tr\/tr\/","url":"https:\/\/studiokali.com.tr\/tr\/","name":"Studio Kali - Design Studio","isPartOf":{"@id":"https:\/\/studiokali.com.tr\/tr\/#website"},"datePublished":"2017-06-16T12:37:13+00:00","dateModified":"2019-11-04T20:46:20+00:00","description":"Studio Kali \u0130stanbul\u2019da yer alan, \u00e7ok disiplinli bir tasar\u0131m st\u00fcdyosu. \u00dcr\u00fcn tasar\u0131m\u0131, mobilya tasar\u0131m\u0131, ambalaj tasar\u0131m\u0131 ve tasar\u0131m stratejisi gibi hizmetlerinin yan\u0131nda, Studio Kali markas\u0131 alt\u0131nda sundu\u011fu kendi \u00fcr\u00fcn koleksiyonuyla, g\u00fcncel bir tasar\u0131m markas\u0131.","breadcrumb":{"@id":"https:\/\/studiokali.com.tr\/tr\/#breadcrumb"},"inLanguage":"en-US","potentialAction":[{"@type":"ReadAction","target":["https:\/\/studiokali.com.tr\/tr\/"]}]},{"@type":"BreadcrumbList","@id":"https:\/\/studiokali.com.tr\/tr\/#breadcrumb","itemListElement":[{"@type":"ListItem","position":1,"name":"Home","item":"https:\/\/studiokali.com.tr\/tr\/"},{"@type":"ListItem","position":2,"name":"Studio Kali"}]},{"@type":"WebSite","@id":"https:\/\/studiokali.com.tr\/tr\/#website","url":"https:\/\/studiokali.com.tr\/tr\/","name":"Studio Kali","description":"Design studio","publisher":{"@id":"https:\/\/studiokali.com.tr\/tr\/#organization"},"potentialAction":[{"@type":"SearchAction","target":{"@type":"EntryPoint","urlTemplate":"https:\/\/studiokali.com.tr\/tr\/?s={search_term_string}"},"query-input":{"@type":"PropertyValueSpecification","valueRequired":true,"valueName":"search_term_string"}}],"inLanguage":"en-US"},{"@type":"Organization","@id":"https:\/\/studiokali.com.tr\/tr\/#organization","name":"Studio Kali","url":"https:\/\/studiokali.com.tr\/tr\/","logo":{"@type":"ImageObject","inLanguage":"en-US","@id":"https:\/\/studiokali.com.tr\/tr\/#\/schema\/logo\/image\/","url":"https:\/\/studiokali.com.tr\/tr\/wp-content\/uploads\/2018\/11\/Studio-Kali-Option-6-85-Black.png","contentUrl":"https:\/\/studiokali.com.tr\/tr\/wp-content\/uploads\/2018\/11\/Studio-Kali-Option-6-85-Black.png","width":403,"height":285,"caption":"Studio Kali"},"image":{"@id":"https:\/\/studiokali.com.tr\/tr\/#\/schema\/logo\/image\/"}}]}},"jetpack_sharing_enabled":true,"_links":{"self":[{"href":"https:\/\/studiokali.com.tr\/tr\/wp-json\/wp\/v2\/pages\/630","targetHints":{"allow":["GET"]}}],"collection":[{"href":"https:\/\/studiokali.com.tr\/tr\/wp-json\/wp\/v2\/pages"}],"about":[{"href":"https:\/\/studiokali.com.tr\/tr\/wp-json\/wp\/v2\/types\/page"}],"author":[{"embeddable":true,"href":"https:\/\/studiokali.com.tr\/tr\/wp-json\/wp\/v2\/users\/1"}],"replies":[{"embeddable":true,"href":"https:\/\/studiokali.com.tr\/tr\/wp-json\/wp\/v2\/comments?post=630"}],"version-history":[{"count":343,"href":"https:\/\/studiokali.com.tr\/tr\/wp-json\/wp\/v2\/pages\/630\/revisions"}],"predecessor-version":[{"id":3255,"href":"https:\/\/studiokali.com.tr\/tr\/wp-json\/wp\/v2\/pages\/630\/revisions\/3255"}],"wp:attachment":[{"href":"https:\/\/studiokali.com.tr\/tr\/wp-json\/wp\/v2\/media?parent=630"}],"curies":[{"name":"wp","href":"https:\/\/api.w.org\/{rel}","templated":true}]}}