{"id":2322,"date":"2018-09-21T20:13:51","date_gmt":"2018-09-21T17:13:51","guid":{"rendered":"https:\/\/studiokali.com.tr\/tr?page_id=2322"},"modified":"2021-10-13T23:26:27","modified_gmt":"2021-10-13T20:26:27","slug":"siparis-rehberi","status":"publish","type":"page","link":"https:\/\/studiokali.com.tr\/tr\/siparis-rehberi\/","title":{"rendered":"Sipari\u015f Rehberi"},"content":{"rendered":"<div class=\"wpb-content-wrapper\"><p>[vc_row row_type=&#8221;row&#8221; use_row_as_full_screen_section=&#8221;no&#8221; type=&#8221;full_width&#8221; text_align=&#8221;left&#8221; background_animation=&#8221;none&#8221; css_animation=&#8221;&#8221; background_color=&#8221;#cccccc&#8221;][vc_column][vc_empty_space height=&#8221;80px&#8221;][vc_column_text]<\/p>\n<h3 style=\"text-align: center;\"><span style=\"color: #ffffff;\">S\u0130PAR\u0130\u015e REHBER\u0130<\/span><\/h3>\n<p>[\/vc_column_text][vc_empty_space height=&#8221;80px&#8221;][\/vc_column][\/vc_row][vc_row row_type=&#8221;row&#8221; use_row_as_full_screen_section=&#8221;no&#8221; type=&#8221;grid&#8221; text_align=&#8221;left&#8221; background_animation=&#8221;none&#8221; css_animation=&#8221;&#8221;][vc_column][vc_empty_space height=&#8221;80px&#8221;][vc_column_text]<\/p>\n<h5>1. Sipari\u015f ve \u00d6deme<\/h5>\n<p>&nbsp;<\/p>\n<p>Sipari\u015flerinizi telefon (+90 533 4642719) ya da e-mail (<span style=\"color: #333333;\"><span style=\"color: #000000;\"><a style=\"color: #000000;\" href=\"mailto:info@studiokali.com.tr\">info@studiokali.com.tr<\/a><\/span>.<\/span>) yoluyla bize iletebilirsiniz. \u015eu anda sadece banka hesab\u0131m\u0131za para transferi \u00fczerinden \u00f6deme alabilmekteyiz.<\/p>\n<p>&nbsp;<\/p>\n<p>\u00dcr\u00fcnlerimiz sipari\u015f \u00fczerine ve sayfas\u0131nda belirtilen teslim zamanlar\u0131 i\u00e7inde \u00fcretilmektedir. Bir\u00e7ok \u00fcr\u00fcn\u00fcm\u00fczde az say\u0131da stok da tutmaktay\u0131z. \u0130stedi\u011finiz \u00fcr\u00fcn\u00fcn elimizde olup olmad\u0131\u011f\u0131n\u0131 \u00f6\u011frenmek i\u00e7in l\u00fctfen bizimle ileti\u015fime ge\u00e7in. Ayr\u0131ca \u00fcr\u00fcnlerimizde renk boyut ve malzemeleri \u00f6zel istekleriniz do\u011frultusunda belirleyerek ki\u015fiselle\u015ftirme de yapabilmekteyiz.<\/p>\n<p>&nbsp;<\/p>\n<p>Sipari\u015finizin rahat ve do\u011fru bir \u015fekilde i\u015fleme al\u0131nmas\u0131 i\u00e7in l\u00fctfen e-mailinizde a\u015fa\u011f\u0131daki bilgileri a\u00e7\u0131k\u00e7a belirtin:<\/p>\n<p>&nbsp;<\/p>\n<ul>\n<li>\u0130stedi\u011finiz \u00fcr\u00fcn\u00fcn ismi, adedi, renk ve malzemeleri,<\/li>\n<li>\u0130sminiz, soyad\u0131n\u0131z, e-mail, telefon, sevk adresi ve fatura adresi bilgileriniz.<\/li>\n<\/ul>\n<p>&nbsp;<\/p>\n<p>\u0130leti\u015fim bilgileriniz fatura ve teslimat i\u00e7in gereklidir.<\/p>\n<p>&nbsp;<\/p>\n<p>Sipari\u015f mailinizin bize ula\u015fmas\u0131ndan sonra, bizden e-mailinizin al\u0131nd\u0131\u011f\u0131na dair bir konfirmasyon e-mail\u2019i alacaks\u0131n\u0131z. Bu e-mailimizde \u00fcr\u00fcnlerin tahmini teslim tarihi, fiyatlar\u0131, g\u00f6nderi \u00fccretleri ve Studio Kali\u2019nin banka hesap bilgileri gibi detaylar\u0131 sizinle payla\u015f\u0131yor olaca\u011f\u0131z. \u00d6demenin hesab\u0131m\u0131za g\u00f6nderilmesinden sonra ise \u00fcr\u00fcnlerinizi e-mailimizde belirtilen zaman i\u00e7erisinde size ula\u015ft\u0131raca\u011f\u0131z.<\/p>\n<p>&nbsp;<\/p>\n<h5>2. G\u00f6nderiler<\/h5>\n<p>&nbsp;<\/p>\n<p>G\u00f6nderi \u00fccretleri, teslimat adresi ve \u00fcr\u00fcn miktarlar\u0131na g\u00f6re de\u011fi\u015fiklik g\u00f6stermektedir. Bu konuyla ilgili t\u00fcm detaylar, sipari\u015f s\u00fcreci s\u0131ras\u0131nda yukar\u0131da anlat\u0131ld\u0131\u011f\u0131 \u015fekilde sizinle payla\u015f\u0131lacakt\u0131r.<\/p>\n<p>&nbsp;<\/p>\n<p>St\u00fcdyomuz taraf\u0131ndan sipari\u015flerin g\u00f6nderimi yap\u0131ld\u0131\u011f\u0131nda, kargo ve teslimat bilgilerini i\u00e7eren bir e-mail ile sizi bilgilendirece\u011fiz.<\/p>\n<p>&nbsp;<\/p>\n<h5>3. \u0130ade Politikas\u0131<\/h5>\n<p>&nbsp;<\/p>\n<p>Kullan\u0131lmam\u0131\u015f ve zarar g\u00f6rmemi\u015f t\u00fcm \u00fcr\u00fcnleri teslim ald\u0131\u011f\u0131n\u0131z tarihten sonraki ilk 14 g\u00fcn i\u00e7erisinde iade edebilirsiniz. Ki\u015fiye \u00f6zel \u00fcretilmi\u015f \u00fcr\u00fcnlerde, sipari\u015f \u00fczerine \u00fcretilen b\u00fcy\u00fck mobilyalarda ve \u00f6zel adetli sipari\u015flerde iade kabul edilmemektedir.<\/p>\n<p>&nbsp;<\/p>\n<p>\u00dcr\u00fcnleri iade edebilmek i\u00e7in:<\/p>\n<ul>\n<li>Teslim ald\u0131\u011f\u0131n\u0131z tarihten sonraki ilk 5 g\u00fcn i\u00e7inde <a href=\"mailto:info@studiokali.com.tr\">info@studiokali.com.tr<\/a> adresine e-mail atarak iade iste\u011finizi bildirmeniz ve \u00fcr\u00fcnlerin geri g\u00f6nderimi ile ilgili y\u00f6nlendirmemizi takip etmeniz;<\/li>\n<li>\u00dcr\u00fcnlerin kullan\u0131lmam\u0131\u015f, hasars\u0131z bir halde olmas\u0131 ve teslim al\u0131nd\u0131\u011f\u0131ndaki orijinal paketine koyularak paketlenmi\u015f olmas\u0131;<\/li>\n<li>Teslim edilen \u00fcr\u00fcn\/\u00fcr\u00fcnlerin faturas\u0131 ile (faturas\u0131 kurumsal ise, kurumun d\u00fczenlemi\u015f oldu\u011fu iade faturas\u0131 ile) birlikte g\u00f6nderilmesi gerekmektedir.<\/li>\n<\/ul>\n<p>&nbsp;<\/p>\n<p>\u00dcr\u00fcn iadelerinde, geri g\u00f6nderim \u00fccretleri ve geri g\u00f6nderim s\u0131ras\u0131nda olu\u015fabilecek kay\u0131p ve zararlara kar\u015f\u0131 sigortalanmas\u0131 ile ilgili sorumluluklar m\u00fc\u015fteriye aittir.<\/p>\n<p>&nbsp;<\/p>\n<p>Geri g\u00f6nderilen \u00fcr\u00fcnler zarar g\u00f6rmemi\u015f ve kullan\u0131lmam\u0131\u015f bir \u015fekilde elimize ge\u00e7tikten sonraki 14 g\u00fcn i\u00e7inde, \u00fcr\u00fcnlerin bedellerine dair geri \u00f6deme hesab\u0131n\u0131za yap\u0131l\u0131r. G\u00f6nderim ve transfer \u00fccretleri iade kapsam\u0131 d\u0131\u015f\u0131ndad\u0131r.[\/vc_column_text][\/vc_column][\/vc_row][vc_row row_type=&#8221;row&#8221; use_row_as_full_screen_section=&#8221;no&#8221; type=&#8221;full_width&#8221; text_align=&#8221;left&#8221; background_animation=&#8221;none&#8221; css_animation=&#8221;&#8221;][vc_column][vc_empty_space height=&#8221;80px&#8221;][\/vc_column][\/vc_row]<\/p>\n<\/div>","protected":false},"excerpt":{"rendered":"<p>[vc_row row_type=&#8221;row&#8221; use_row_as_full_screen_section=&#8221;no&#8221; type=&#8221;full_width&#8221; text_align=&#8221;left&#8221; background_animation=&#8221;none&#8221; css_animation=&#8221;&#8221; background_color=&#8221;#cccccc&#8221;][vc_column][vc_empty_space height=&#8221;80px&#8221;][vc_column_text] S\u0130PAR\u0130\u015e REHBER\u0130 [\/vc_column_text][vc_empty_space height=&#8221;80px&#8221;][\/vc_column][\/vc_row][vc_row row_type=&#8221;row&#8221; use_row_as_full_screen_section=&#8221;no&#8221; type=&#8221;grid&#8221; text_align=&#8221;left&#8221; background_animation=&#8221;none&#8221; css_animation=&#8221;&#8221;][vc_column][vc_empty_space height=&#8221;80px&#8221;][vc_column_text] 1. Sipari\u015f ve \u00d6deme &nbsp; Sipari\u015flerinizi telefon (+90 533 4642719) ya da e-mail (info@studiokali.com.tr.) yoluyla bize iletebilirsiniz. \u015eu anda sadece banka hesab\u0131m\u0131za para transferi \u00fczerinden&#8230;<\/p>\n","protected":false},"author":1,"featured_media":0,"parent":0,"menu_order":0,"comment_status":"closed","ping_status":"closed","template":"full_width.php","meta":{"_monsterinsights_skip_tracking":false,"_monsterinsights_sitenote_active":false,"_monsterinsights_sitenote_note":"","_monsterinsights_sitenote_category":0,"footnotes":""},"class_list":["post-2322","page","type-page","status-publish","hentry"],"yoast_head":"<!-- This site is optimized with the Yoast SEO plugin v27.2 - https:\/\/yoast.com\/product\/yoast-seo-wordpress\/ -->\n<title>Sipari\u015f Rehberi - Studio Kali<\/title>\n<meta name=\"robots\" content=\"index, follow, max-snippet:-1, max-image-preview:large, max-video-preview:-1\" \/>\n<link rel=\"canonical\" href=\"https:\/\/studiokali.com.tr\/tr\/siparis-rehberi\/\" \/>\n<meta property=\"og:locale\" content=\"en_US\" \/>\n<meta property=\"og:type\" content=\"article\" \/>\n<meta property=\"og:title\" content=\"Sipari\u015f Rehberi - Studio Kali\" \/>\n<meta property=\"og:description\" content=\"[vc_row row_type=&#8221;row&#8221; use_row_as_full_screen_section=&#8221;no&#8221; type=&#8221;full_width&#8221; text_align=&#8221;left&#8221; background_animation=&#8221;none&#8221; css_animation=&#8221;&#8221; background_color=&#8221;#cccccc&#8221;][vc_column][vc_empty_space height=&#8221;80px&#8221;][vc_column_text] S\u0130PAR\u0130\u015e REHBER\u0130 [\/vc_column_text][vc_empty_space height=&#8221;80px&#8221;][\/vc_column][\/vc_row][vc_row row_type=&#8221;row&#8221; use_row_as_full_screen_section=&#8221;no&#8221; type=&#8221;grid&#8221; text_align=&#8221;left&#8221; background_animation=&#8221;none&#8221; css_animation=&#8221;&#8221;][vc_column][vc_empty_space height=&#8221;80px&#8221;][vc_column_text] 1. Sipari\u015f ve \u00d6deme &nbsp; Sipari\u015flerinizi telefon (+90 533 4642719) ya da e-mail (info@studiokali.com.tr.) yoluyla bize iletebilirsiniz. \u015eu anda sadece banka hesab\u0131m\u0131za para transferi \u00fczerinden...\" \/>\n<meta property=\"og:url\" content=\"https:\/\/studiokali.com.tr\/tr\/siparis-rehberi\/\" \/>\n<meta property=\"og:site_name\" content=\"Studio Kali\" \/>\n<meta property=\"article:modified_time\" content=\"2021-10-13T20:26:27+00:00\" \/>\n<meta name=\"twitter:card\" content=\"summary_large_image\" \/>\n<meta name=\"twitter:label1\" content=\"Est. reading time\" \/>\n\t<meta name=\"twitter:data1\" content=\"2 minutes\" \/>\n<!-- \/ Yoast SEO plugin. -->","yoast_head_json":{"title":"Sipari\u015f Rehberi - Studio Kali","robots":{"index":"index","follow":"follow","max-snippet":"max-snippet:-1","max-image-preview":"max-image-preview:large","max-video-preview":"max-video-preview:-1"},"canonical":"https:\/\/studiokali.com.tr\/tr\/siparis-rehberi\/","og_locale":"en_US","og_type":"article","og_title":"Sipari\u015f Rehberi - Studio Kali","og_description":"[vc_row row_type=&#8221;row&#8221; use_row_as_full_screen_section=&#8221;no&#8221; type=&#8221;full_width&#8221; text_align=&#8221;left&#8221; background_animation=&#8221;none&#8221; css_animation=&#8221;&#8221; background_color=&#8221;#cccccc&#8221;][vc_column][vc_empty_space height=&#8221;80px&#8221;][vc_column_text] S\u0130PAR\u0130\u015e REHBER\u0130 [\/vc_column_text][vc_empty_space height=&#8221;80px&#8221;][\/vc_column][\/vc_row][vc_row row_type=&#8221;row&#8221; use_row_as_full_screen_section=&#8221;no&#8221; type=&#8221;grid&#8221; text_align=&#8221;left&#8221; background_animation=&#8221;none&#8221; css_animation=&#8221;&#8221;][vc_column][vc_empty_space height=&#8221;80px&#8221;][vc_column_text] 1. Sipari\u015f ve \u00d6deme &nbsp; Sipari\u015flerinizi telefon (+90 533 4642719) ya da e-mail (info@studiokali.com.tr.) yoluyla bize iletebilirsiniz. \u015eu anda sadece banka hesab\u0131m\u0131za para transferi \u00fczerinden...","og_url":"https:\/\/studiokali.com.tr\/tr\/siparis-rehberi\/","og_site_name":"Studio Kali","article_modified_time":"2021-10-13T20:26:27+00:00","twitter_card":"summary_large_image","twitter_misc":{"Est. reading time":"2 minutes"},"schema":{"@context":"https:\/\/schema.org","@graph":[{"@type":"WebPage","@id":"https:\/\/studiokali.com.tr\/tr\/siparis-rehberi\/","url":"https:\/\/studiokali.com.tr\/tr\/siparis-rehberi\/","name":"Sipari\u015f Rehberi - Studio Kali","isPartOf":{"@id":"https:\/\/studiokali.com.tr\/tr\/#website"},"datePublished":"2018-09-21T17:13:51+00:00","dateModified":"2021-10-13T20:26:27+00:00","breadcrumb":{"@id":"https:\/\/studiokali.com.tr\/tr\/siparis-rehberi\/#breadcrumb"},"inLanguage":"en-US","potentialAction":[{"@type":"ReadAction","target":["https:\/\/studiokali.com.tr\/tr\/siparis-rehberi\/"]}]},{"@type":"BreadcrumbList","@id":"https:\/\/studiokali.com.tr\/tr\/siparis-rehberi\/#breadcrumb","itemListElement":[{"@type":"ListItem","position":1,"name":"Home","item":"https:\/\/studiokali.com.tr\/tr\/"},{"@type":"ListItem","position":2,"name":"Sipari\u015f Rehberi"}]},{"@type":"WebSite","@id":"https:\/\/studiokali.com.tr\/tr\/#website","url":"https:\/\/studiokali.com.tr\/tr\/","name":"Studio Kali","description":"Design studio","publisher":{"@id":"https:\/\/studiokali.com.tr\/tr\/#organization"},"potentialAction":[{"@type":"SearchAction","target":{"@type":"EntryPoint","urlTemplate":"https:\/\/studiokali.com.tr\/tr\/?s={search_term_string}"},"query-input":{"@type":"PropertyValueSpecification","valueRequired":true,"valueName":"search_term_string"}}],"inLanguage":"en-US"},{"@type":"Organization","@id":"https:\/\/studiokali.com.tr\/tr\/#organization","name":"Studio Kali","url":"https:\/\/studiokali.com.tr\/tr\/","logo":{"@type":"ImageObject","inLanguage":"en-US","@id":"https:\/\/studiokali.com.tr\/tr\/#\/schema\/logo\/image\/","url":"https:\/\/studiokali.com.tr\/tr\/wp-content\/uploads\/2018\/11\/Studio-Kali-Option-6-85-Black.png","contentUrl":"https:\/\/studiokali.com.tr\/tr\/wp-content\/uploads\/2018\/11\/Studio-Kali-Option-6-85-Black.png","width":403,"height":285,"caption":"Studio Kali"},"image":{"@id":"https:\/\/studiokali.com.tr\/tr\/#\/schema\/logo\/image\/"}}]}},"jetpack_sharing_enabled":true,"_links":{"self":[{"href":"https:\/\/studiokali.com.tr\/tr\/wp-json\/wp\/v2\/pages\/2322","targetHints":{"allow":["GET"]}}],"collection":[{"href":"https:\/\/studiokali.com.tr\/tr\/wp-json\/wp\/v2\/pages"}],"about":[{"href":"https:\/\/studiokali.com.tr\/tr\/wp-json\/wp\/v2\/types\/page"}],"author":[{"embeddable":true,"href":"https:\/\/studiokali.com.tr\/tr\/wp-json\/wp\/v2\/users\/1"}],"replies":[{"embeddable":true,"href":"https:\/\/studiokali.com.tr\/tr\/wp-json\/wp\/v2\/comments?post=2322"}],"version-history":[{"count":27,"href":"https:\/\/studiokali.com.tr\/tr\/wp-json\/wp\/v2\/pages\/2322\/revisions"}],"predecessor-version":[{"id":3480,"href":"https:\/\/studiokali.com.tr\/tr\/wp-json\/wp\/v2\/pages\/2322\/revisions\/3480"}],"wp:attachment":[{"href":"https:\/\/studiokali.com.tr\/tr\/wp-json\/wp\/v2\/media?parent=2322"}],"curies":[{"name":"wp","href":"https:\/\/api.w.org\/{rel}","templated":true}]}}