{"id":2314,"date":"2018-09-21T19:23:51","date_gmt":"2018-09-21T16:23:51","guid":{"rendered":"https:\/\/studiokali.com.tr\/tr?page_id=2314"},"modified":"2019-11-06T15:45:52","modified_gmt":"2019-11-06T12:45:52","slug":"kullanim-kosullari","status":"publish","type":"page","link":"https:\/\/studiokali.com.tr\/tr\/kullanim-kosullari\/","title":{"rendered":"Kullan\u0131m Ko\u015fullar\u0131"},"content":{"rendered":"<div class=\"wpb-content-wrapper\"><p>[vc_row row_type=&#8221;row&#8221; use_row_as_full_screen_section=&#8221;no&#8221; type=&#8221;full_width&#8221; text_align=&#8221;left&#8221; background_animation=&#8221;none&#8221; css_animation=&#8221;&#8221; background_color=&#8221;#cccccc&#8221;][vc_column][vc_empty_space height=&#8221;80px&#8221;][vc_column_text]<\/p>\n<h3 style=\"text-align: center;\"><span style=\"color: #ffffff;\">KULLANIM KO\u015eULLARI<\/span><\/h3>\n<p>[\/vc_column_text][vc_empty_space height=&#8221;80px&#8221;][\/vc_column][\/vc_row][vc_row row_type=&#8221;row&#8221; use_row_as_full_screen_section=&#8221;no&#8221; type=&#8221;grid&#8221; text_align=&#8221;left&#8221; background_animation=&#8221;none&#8221; css_animation=&#8221;&#8221;][vc_column][vc_empty_space height=&#8221;80px&#8221;][vc_column_text]<\/p>\n<h5>1. Telif Haklar\u0131<\/h5>\n<p>&nbsp;<\/p>\n<p>Bu web sitesinde sunulan b\u00fct\u00fcn bilgi, malzeme ve i\u00e7erik, T\u00fcrkiye Cumhuriyeti fikri m\u00fclkiyet haklar\u0131 yasalar\u0131 alt\u0131nda korunmaktad\u0131r. Aksi belirtilmedik\u00e7e, bu sitede bulunan t\u00fcm yaz\u0131, tasar\u0131m, foto\u011fraf, imge ve bilgiler ve bunlarla ilgili her t\u00fcrl\u00fc g\u00f6rsel malzemeler, Studio Kali ve\/veya onun m\u00fc\u015fterileri ve i\u015f ortaklar\u0131na aittir. \u0130\u00e7eri\u011fe ait herhangi bir \u00f6\u011fenin, \u00f6ncesinde Studio Kali\u2019den yaz\u0131l\u0131 izin al\u0131nmaks\u0131z\u0131n, ge\u00e7ici ya da kal\u0131c\u0131, b\u00fct\u00fcn olarak ya da par\u00e7alar halinde \u00e7o\u011falt\u0131lmas\u0131, kopyalanmas\u0131, yay\u0131nlanmas\u0131 ya da da\u011f\u0131t\u0131lmas\u0131 yasal de\u011fildir.<\/p>\n<p>&nbsp;<\/p>\n<p>Studio Kali\u2019nin sitesini ziyaret edenler bu malzemelerin telif hakk\u0131 yasalar\u0131na g\u00f6re korundu\u011funu ve bu malzemeleri kopyalayarak veya \u00fczerinde de\u011fi\u015fiklik yaparak yay\u0131nlamayaca\u011f\u0131n\u0131 kabul eder. Web sitesinde yay\u0131nlanan \u00fcr\u00fcn ve \u00fcr\u00fcn gruplar\u0131n\u0131n kopyalanmas\u0131, yay\u0131nlanmas\u0131, ba\u015fka bir \u00fcr\u00fcn ismi ya da kimlik alt\u0131nda tan\u0131t\u0131lmas\u0131 yasakt\u0131r.<\/p>\n<p>&nbsp;<\/p>\n<h5>2. Hak ve Y\u00fck\u00fcml\u00fcl\u00fckler<\/h5>\n<p>&nbsp;<\/p>\n<p>Studio Kali olarak bu web sitesinin i\u00e7eri\u011fini \u00f6zenle haz\u0131rlamakta ve bilgileri g\u00fcncel tutmak i\u00e7in elimizden geleni yapmaktay\u0131z. Yine de elimizde olmayan nedenlerle bu sitedeki bilgilerin eskimi\u015f, eksik veya hatal\u0131 olmas\u0131 ya da sitenin her zaman ula\u015f\u0131labilir olmamas\u0131 gibi durumlarla ilgili sorumluluk kabul etmemekteyiz.<\/p>\n<p>&nbsp;<\/p>\n<p>Sitemizde zaman zaman \u00fc\u00e7\u00fcnc\u00fc \u015fah\u0131s ya da kurumlar\u0131n web sitelerine ba\u011flant\u0131lar verilebilir. Bu ba\u011flant\u0131lara bast\u0131\u011f\u0131n\u0131zda Studio Kali\u2019nin web sitesinden \u00e7\u0131km\u0131\u015f olursunuz. Dolay\u0131s\u0131yla, bu ba\u011flant\u0131lar arac\u0131l\u0131\u011f\u0131yla ziyaret edece\u011finiz di\u011fer siteler ve onlar\u0131n i\u00e7erikleri ile ilgili sorumluluk kabul etmemekteyiz.<\/p>\n<p>&nbsp;<\/p>\n<h5>3. Gizlilik Politikas\u0131<\/h5>\n<p>&nbsp;<\/p>\n<p>St\u00fcdio Kali olarak st\u00fcdyomuza ve \u00fcr\u00fcnlerimize ilginize \u00e7ok te\u015fekk\u00fcr ederiz. Gizlili\u011finize sayg\u0131 duyuyoruz ve ki\u015fisel bilgilerinizin korunmas\u0131 i\u00e7in elimizden gelen t\u00fcm dikkati g\u00f6steriyoruz. Studio Kali siz ziyaret\u00e7ilerimiz taraf\u0131ndan sitemize sunulan ki\u015fisel verileri (isim, elektronik posta adresi, adres ve telefon bilgileri) \u00fc\u00e7\u00fcnc\u00fc ki\u015filere satamaz, kiralayamaz ya da ba\u015fka \u015fekilde kulland\u0131ramaz.<\/p>\n<p>&nbsp;<\/p>\n<p>Sipari\u015fleriniz ya da sorular\u0131n\u0131z s\u0131ras\u0131nda bizimle payla\u015ft\u0131\u011f\u0131n\u0131z isim, elektronik posta adresi, adres ve telefon bilgilerini, sizin izninizle, sipari\u015finizin i\u015fleme al\u0131nabilmesi s\u0131ras\u0131nda gerekli olan ileti\u015fim, fatura ve teslimat i\u015flemleri i\u00e7in ve size bas\u0131l\u0131 ya da elektronik ortamda yay\u0131n ve bildirimler g\u00f6ndermek i\u00e7in kullan\u0131yoruz.[\/vc_column_text][\/vc_column][\/vc_row][vc_row row_type=&#8221;row&#8221; use_row_as_full_screen_section=&#8221;no&#8221; type=&#8221;full_width&#8221; text_align=&#8221;left&#8221; background_animation=&#8221;none&#8221; css_animation=&#8221;&#8221;][vc_column][vc_empty_space height=&#8221;80px&#8221;][\/vc_column][\/vc_row]<\/p>\n<\/div>","protected":false},"excerpt":{"rendered":"<p>[vc_row row_type=&#8221;row&#8221; use_row_as_full_screen_section=&#8221;no&#8221; type=&#8221;full_width&#8221; text_align=&#8221;left&#8221; background_animation=&#8221;none&#8221; css_animation=&#8221;&#8221; background_color=&#8221;#cccccc&#8221;][vc_column][vc_empty_space height=&#8221;80px&#8221;][vc_column_text] KULLANIM KO\u015eULLARI [\/vc_column_text][vc_empty_space height=&#8221;80px&#8221;][\/vc_column][\/vc_row][vc_row row_type=&#8221;row&#8221; use_row_as_full_screen_section=&#8221;no&#8221; type=&#8221;grid&#8221; text_align=&#8221;left&#8221; background_animation=&#8221;none&#8221; css_animation=&#8221;&#8221;][vc_column][vc_empty_space height=&#8221;80px&#8221;][vc_column_text] 1. Telif Haklar\u0131 &nbsp; Bu web sitesinde sunulan b\u00fct\u00fcn bilgi, malzeme ve i\u00e7erik, T\u00fcrkiye Cumhuriyeti fikri m\u00fclkiyet haklar\u0131 yasalar\u0131 alt\u0131nda korunmaktad\u0131r. Aksi belirtilmedik\u00e7e, bu sitede&#8230;<\/p>\n","protected":false},"author":1,"featured_media":0,"parent":0,"menu_order":0,"comment_status":"closed","ping_status":"closed","template":"full_width.php","meta":{"_monsterinsights_skip_tracking":false,"_monsterinsights_sitenote_active":false,"_monsterinsights_sitenote_note":"","_monsterinsights_sitenote_category":0,"footnotes":""},"class_list":["post-2314","page","type-page","status-publish","hentry"],"yoast_head":"<!-- This site is optimized with the Yoast SEO plugin v27.2 - https:\/\/yoast.com\/product\/yoast-seo-wordpress\/ -->\n<title>Kullan\u0131m Ko\u015fullar\u0131 - Studio Kali<\/title>\n<meta name=\"robots\" content=\"index, follow, max-snippet:-1, max-image-preview:large, max-video-preview:-1\" \/>\n<link rel=\"canonical\" href=\"https:\/\/studiokali.com.tr\/tr\/kullanim-kosullari\/\" \/>\n<meta property=\"og:locale\" content=\"en_US\" \/>\n<meta property=\"og:type\" content=\"article\" \/>\n<meta property=\"og:title\" content=\"Kullan\u0131m Ko\u015fullar\u0131 - Studio Kali\" \/>\n<meta property=\"og:description\" content=\"[vc_row row_type=&#8221;row&#8221; use_row_as_full_screen_section=&#8221;no&#8221; type=&#8221;full_width&#8221; text_align=&#8221;left&#8221; background_animation=&#8221;none&#8221; css_animation=&#8221;&#8221; background_color=&#8221;#cccccc&#8221;][vc_column][vc_empty_space height=&#8221;80px&#8221;][vc_column_text] KULLANIM KO\u015eULLARI [\/vc_column_text][vc_empty_space height=&#8221;80px&#8221;][\/vc_column][\/vc_row][vc_row row_type=&#8221;row&#8221; use_row_as_full_screen_section=&#8221;no&#8221; type=&#8221;grid&#8221; text_align=&#8221;left&#8221; background_animation=&#8221;none&#8221; css_animation=&#8221;&#8221;][vc_column][vc_empty_space height=&#8221;80px&#8221;][vc_column_text] 1. Telif Haklar\u0131 &nbsp; Bu web sitesinde sunulan b\u00fct\u00fcn bilgi, malzeme ve i\u00e7erik, T\u00fcrkiye Cumhuriyeti fikri m\u00fclkiyet haklar\u0131 yasalar\u0131 alt\u0131nda korunmaktad\u0131r. Aksi belirtilmedik\u00e7e, bu sitede...\" \/>\n<meta property=\"og:url\" content=\"https:\/\/studiokali.com.tr\/tr\/kullanim-kosullari\/\" \/>\n<meta property=\"og:site_name\" content=\"Studio Kali\" \/>\n<meta property=\"article:modified_time\" content=\"2019-11-06T12:45:52+00:00\" \/>\n<meta name=\"twitter:card\" content=\"summary_large_image\" \/>\n<meta name=\"twitter:label1\" content=\"Est. reading time\" \/>\n\t<meta name=\"twitter:data1\" content=\"3 minutes\" \/>\n<!-- \/ Yoast SEO plugin. -->","yoast_head_json":{"title":"Kullan\u0131m Ko\u015fullar\u0131 - Studio Kali","robots":{"index":"index","follow":"follow","max-snippet":"max-snippet:-1","max-image-preview":"max-image-preview:large","max-video-preview":"max-video-preview:-1"},"canonical":"https:\/\/studiokali.com.tr\/tr\/kullanim-kosullari\/","og_locale":"en_US","og_type":"article","og_title":"Kullan\u0131m Ko\u015fullar\u0131 - Studio Kali","og_description":"[vc_row row_type=&#8221;row&#8221; use_row_as_full_screen_section=&#8221;no&#8221; type=&#8221;full_width&#8221; text_align=&#8221;left&#8221; background_animation=&#8221;none&#8221; css_animation=&#8221;&#8221; background_color=&#8221;#cccccc&#8221;][vc_column][vc_empty_space height=&#8221;80px&#8221;][vc_column_text] KULLANIM KO\u015eULLARI [\/vc_column_text][vc_empty_space height=&#8221;80px&#8221;][\/vc_column][\/vc_row][vc_row row_type=&#8221;row&#8221; use_row_as_full_screen_section=&#8221;no&#8221; type=&#8221;grid&#8221; text_align=&#8221;left&#8221; background_animation=&#8221;none&#8221; css_animation=&#8221;&#8221;][vc_column][vc_empty_space height=&#8221;80px&#8221;][vc_column_text] 1. Telif Haklar\u0131 &nbsp; Bu web sitesinde sunulan b\u00fct\u00fcn bilgi, malzeme ve i\u00e7erik, T\u00fcrkiye Cumhuriyeti fikri m\u00fclkiyet haklar\u0131 yasalar\u0131 alt\u0131nda korunmaktad\u0131r. Aksi belirtilmedik\u00e7e, bu sitede...","og_url":"https:\/\/studiokali.com.tr\/tr\/kullanim-kosullari\/","og_site_name":"Studio Kali","article_modified_time":"2019-11-06T12:45:52+00:00","twitter_card":"summary_large_image","twitter_misc":{"Est. reading time":"3 minutes"},"schema":{"@context":"https:\/\/schema.org","@graph":[{"@type":"WebPage","@id":"https:\/\/studiokali.com.tr\/tr\/kullanim-kosullari\/","url":"https:\/\/studiokali.com.tr\/tr\/kullanim-kosullari\/","name":"Kullan\u0131m Ko\u015fullar\u0131 - Studio Kali","isPartOf":{"@id":"https:\/\/studiokali.com.tr\/tr\/#website"},"datePublished":"2018-09-21T16:23:51+00:00","dateModified":"2019-11-06T12:45:52+00:00","breadcrumb":{"@id":"https:\/\/studiokali.com.tr\/tr\/kullanim-kosullari\/#breadcrumb"},"inLanguage":"en-US","potentialAction":[{"@type":"ReadAction","target":["https:\/\/studiokali.com.tr\/tr\/kullanim-kosullari\/"]}]},{"@type":"BreadcrumbList","@id":"https:\/\/studiokali.com.tr\/tr\/kullanim-kosullari\/#breadcrumb","itemListElement":[{"@type":"ListItem","position":1,"name":"Home","item":"https:\/\/studiokali.com.tr\/tr\/"},{"@type":"ListItem","position":2,"name":"Kullan\u0131m Ko\u015fullar\u0131"}]},{"@type":"WebSite","@id":"https:\/\/studiokali.com.tr\/tr\/#website","url":"https:\/\/studiokali.com.tr\/tr\/","name":"Studio Kali","description":"Design studio","publisher":{"@id":"https:\/\/studiokali.com.tr\/tr\/#organization"},"potentialAction":[{"@type":"SearchAction","target":{"@type":"EntryPoint","urlTemplate":"https:\/\/studiokali.com.tr\/tr\/?s={search_term_string}"},"query-input":{"@type":"PropertyValueSpecification","valueRequired":true,"valueName":"search_term_string"}}],"inLanguage":"en-US"},{"@type":"Organization","@id":"https:\/\/studiokali.com.tr\/tr\/#organization","name":"Studio Kali","url":"https:\/\/studiokali.com.tr\/tr\/","logo":{"@type":"ImageObject","inLanguage":"en-US","@id":"https:\/\/studiokali.com.tr\/tr\/#\/schema\/logo\/image\/","url":"https:\/\/studiokali.com.tr\/tr\/wp-content\/uploads\/2018\/11\/Studio-Kali-Option-6-85-Black.png","contentUrl":"https:\/\/studiokali.com.tr\/tr\/wp-content\/uploads\/2018\/11\/Studio-Kali-Option-6-85-Black.png","width":403,"height":285,"caption":"Studio Kali"},"image":{"@id":"https:\/\/studiokali.com.tr\/tr\/#\/schema\/logo\/image\/"}}]}},"jetpack_sharing_enabled":true,"_links":{"self":[{"href":"https:\/\/studiokali.com.tr\/tr\/wp-json\/wp\/v2\/pages\/2314","targetHints":{"allow":["GET"]}}],"collection":[{"href":"https:\/\/studiokali.com.tr\/tr\/wp-json\/wp\/v2\/pages"}],"about":[{"href":"https:\/\/studiokali.com.tr\/tr\/wp-json\/wp\/v2\/types\/page"}],"author":[{"embeddable":true,"href":"https:\/\/studiokali.com.tr\/tr\/wp-json\/wp\/v2\/users\/1"}],"replies":[{"embeddable":true,"href":"https:\/\/studiokali.com.tr\/tr\/wp-json\/wp\/v2\/comments?post=2314"}],"version-history":[{"count":14,"href":"https:\/\/studiokali.com.tr\/tr\/wp-json\/wp\/v2\/pages\/2314\/revisions"}],"predecessor-version":[{"id":3207,"href":"https:\/\/studiokali.com.tr\/tr\/wp-json\/wp\/v2\/pages\/2314\/revisions\/3207"}],"wp:attachment":[{"href":"https:\/\/studiokali.com.tr\/tr\/wp-json\/wp\/v2\/media?parent=2314"}],"curies":[{"name":"wp","href":"https:\/\/api.w.org\/{rel}","templated":true}]}}