{"id":1954,"date":"2018-07-06T02:01:32","date_gmt":"2018-07-05T23:01:32","guid":{"rendered":"https:\/\/studiokali.com.tr\/tr?page_id=1954"},"modified":"2025-02-17T19:27:52","modified_gmt":"2025-02-17T16:27:52","slug":"iletisim","status":"publish","type":"page","link":"https:\/\/studiokali.com.tr\/tr\/iletisim\/","title":{"rendered":"\u0130leti\u015fim"},"content":{"rendered":"<div class=\"wpb-content-wrapper\"><p>[vc_row row_type=&#8221;row&#8221; use_row_as_full_screen_section=&#8221;no&#8221; type=&#8221;grid&#8221; text_align=&#8221;left&#8221; background_animation=&#8221;none&#8221; css_animation=&#8221;&#8221; css=&#8221;.vc_custom_1530834980118{padding-top: 4% !important;}&#8221;][vc_column][vc_column_text]<\/p>\n<h4 style=\"text-align: left;\"><span style=\"color: #000000;\">Merhaba Deyin<\/span><\/h4>\n<p>[\/vc_column_text][vc_empty_space height=&#8221;64px&#8221;][\/vc_column][\/vc_row][vc_row row_type=&#8221;row&#8221; use_row_as_full_screen_section=&#8221;no&#8221; type=&#8221;grid&#8221; text_align=&#8221;left&#8221; background_animation=&#8221;none&#8221; css_animation=&#8221;&#8221;][vc_column width=&#8221;1\/3&#8243;][qode_elements_holder number_of_columns=&#8221;one_column&#8221;][qode_elements_holder_item][vc_column_text]<\/p>\n<p style=\"text-align: left;\"><span style=\"color: #808080;\"><span class=\"q_font_awsome_icon q_icon_shortcode normal q_font_awsome_icon_holder fa-1x  \" style=\"color: #000000; \"><i class=\"fa fa-envelope\"><\/i><\/span>\u00a0info@studiokali.com.tr<\/span><\/p>\n<p>[\/vc_column_text][vc_empty_space height=&#8221;6px&#8221;][vc_column_text]<\/p>\n<p style=\"text-align: left;\"><span style=\"color: #808080;\"><span class=\"q_font_awsome_icon q_icon_shortcode normal q_font_awsome_icon_holder fa-lg  \" style=\"color: #000000; \"><i class=\"fa fa-map-marker\"><\/i><\/span> Sanayi Mah. Laleg\u00fcl Sok. No:7<\/span><br \/>\n<span style=\"color: #808080;\">Elmas Levent Studio, Daire:19<\/span><br \/>\n<span style=\"color: #808080;\">34415, Ka\u011f\u0131thane, Istanbul, Turkey<\/span><\/p>\n<p>[\/vc_column_text][vc_empty_space height=&#8221;6px&#8221;][vc_column_text]<\/p>\n<p style=\"text-align: left;\"><span style=\"color: #808080;\"><span class=\"q_font_awsome_icon q_icon_shortcode normal q_font_awsome_icon_holder fa-lg  \" style=\"color: #000000; \"><i class=\"fa fa-phone\"><\/i><\/span>\u00a0+90 533 4642719<\/span><\/p>\n<p>[\/vc_column_text][vc_empty_space height=&#8221;30px&#8221;][vc_column_text css=&#8221;&#8221;]<\/p>\n<p style=\"text-align: left;\"><strong><span style=\"color: #808080;\">SHOWROOM&#8217;UMUZU Z\u0130YARET ED\u0130N<\/span><\/strong><\/p>\n<p>[\/vc_column_text][vc_empty_space height=&#8221;6px&#8221;][vc_column_text css=&#8221;&#8221;]<\/p>\n<p style=\"text-align: left;\"><span style=\"color: #808080;\">Showroom&#8217;umuzda mobilya ve kilimlerimizden geni\u015f bir se\u00e7kiyi g\u00f6rebilirsiniz.\u00a0<\/span><\/p>\n<p>[\/vc_column_text][vc_empty_space height=&#8221;30px&#8221;][vc_column_text css=&#8221;&#8221;]<\/p>\n<p style=\"text-align: left;\"><strong><span style=\"color: #808080;\">SHOWROOM RANDEVULARI<\/span><\/strong><\/p>\n<p>[\/vc_column_text][vc_empty_space height=&#8221;6px&#8221;][vc_column_text css=&#8221;&#8221;]<\/p>\n<p style=\"text-align: left;\"><span style=\"color: #808080;\">Showroom ziyaretlerimizi randevu ile ger\u00e7ekle\u015ftiriyoruz.<\/span><\/p>\n<p>&nbsp;<\/p>\n<p style=\"text-align: left;\"><span style=\"color: #808080;\">T\u00fcm ziyaretleriniz i\u00e7in bizi \u00f6nceden arayarak ya da bize e-mail \u00fczerinden ula\u015farak randevu olu\u015fturabilirsiniz.<\/span><\/p>\n<p>[\/vc_column_text][\/qode_elements_holder_item][\/qode_elements_holder][\/vc_column][vc_column width=&#8221;2\/3&#8243;][qode_elements_holder number_of_columns=&#8221;one_column&#8221;][qode_elements_holder_item item_padding_600_768=&#8221;20px 0px 0px 0px&#8221; item_padding_480_600=&#8221;20px 0px 0px 0px&#8221; item_padding_480=&#8221;20px 0px 0px 0px&#8221;]\n<div class=\"wpcf7 no-js\" id=\"wpcf7-f1564-o1\" lang=\"en-US\" dir=\"ltr\" data-wpcf7-id=\"1564\">\n<div class=\"screen-reader-response\"><p role=\"status\" aria-live=\"polite\" aria-atomic=\"true\"><\/p> <ul><\/ul><\/div>\n<form action=\"\/tr\/wp-json\/wp\/v2\/pages\/1954#wpcf7-f1564-o1\" method=\"post\" class=\"wpcf7-form init cf7_custom_style_1\" aria-label=\"Contact form\" novalidate=\"novalidate\" data-status=\"init\">\n<fieldset class=\"hidden-fields-container\"><input type=\"hidden\" name=\"_wpcf7\" value=\"1564\" \/><input type=\"hidden\" name=\"_wpcf7_version\" value=\"6.1.4\" \/><input type=\"hidden\" name=\"_wpcf7_locale\" value=\"en_US\" \/><input type=\"hidden\" name=\"_wpcf7_unit_tag\" value=\"wpcf7-f1564-o1\" \/><input type=\"hidden\" name=\"_wpcf7_container_post\" value=\"0\" \/><input type=\"hidden\" name=\"_wpcf7_posted_data_hash\" value=\"\" \/>\n<\/fieldset>\n<p><label> \u0130S\u0130M<br \/>\n<span class=\"wpcf7-form-control-wrap\" data-name=\"your-name\"><input size=\"40\" maxlength=\"400\" class=\"wpcf7-form-control wpcf7-text wpcf7-validates-as-required\" aria-required=\"true\" aria-invalid=\"false\" value=\"\" type=\"text\" name=\"your-name\" \/><\/span> <\/label>\n<\/p>\n<p><label> EPOSTA<br \/>\n<span class=\"wpcf7-form-control-wrap\" data-name=\"your-email\"><input size=\"40\" maxlength=\"400\" class=\"wpcf7-form-control wpcf7-email wpcf7-validates-as-required wpcf7-text wpcf7-validates-as-email\" aria-required=\"true\" aria-invalid=\"false\" value=\"\" type=\"email\" name=\"your-email\" \/><\/span> <\/label>\n<\/p>\n<p><label> MESAJ<br \/>\n<span class=\"wpcf7-form-control-wrap\" data-name=\"your-message\"><textarea cols=\"40\" rows=\"10\" maxlength=\"2000\" class=\"wpcf7-form-control wpcf7-textarea\" aria-invalid=\"false\" name=\"your-message\"><\/textarea><\/span> <\/label>\n<\/p>\n<p><input class=\"wpcf7-form-control wpcf7-submit has-spinner\" type=\"submit\" value=\"G\u00f6nder\" \/>\n<\/p><div class=\"wpcf7-response-output\" aria-hidden=\"true\"><\/div>\n<\/form>\n<\/div>\n[\/qode_elements_holder_item][\/qode_elements_holder][\/vc_column][\/vc_row][vc_row row_type=&#8221;row&#8221; use_row_as_full_screen_section=&#8221;no&#8221; type=&#8221;full_width&#8221; text_align=&#8221;left&#8221; background_animation=&#8221;none&#8221; css_animation=&#8221;&#8221;][vc_column][vc_empty_space height=&#8221;80px&#8221;][\/vc_column][\/vc_row][vc_row row_type=&#8221;row&#8221; use_row_as_full_screen_section=&#8221;no&#8221; type=&#8221;grid&#8221; text_align=&#8221;left&#8221; background_animation=&#8221;none&#8221; css_animation=&#8221;&#8221;][vc_column][vc_gmaps link=&#8221;#E-8_JTNDaWZyYW1lJTIwc3JjJTNEJTIyaHR0cHMlM0ElMkYlMkZ3d3cuZ29vZ2xlLmNvbSUyRm1hcHMlMkZlbWJlZCUzRnBiJTNEJTIxMW0xOCUyMTFtMTIlMjExbTMlMjExZDMwMDYuOTg2MDQ2MjI2Nzk4JTIxMmQyOS4wMDIzMjkxMjQ5NTY2NSUyMTNkNDEuMDkxMTUxNTEyODYwMzglMjEybTMlMjExZjAlMjEyZjAlMjEzZjAlMjEzbTIlMjExaTEwMjQlMjEyaTc2OCUyMTRmMTMuMSUyMTNtMyUyMTFtMiUyMTFzMHgxNGNhYjY3Y2YxNGRiMmY1JTI1M0EweDEyNjQzNDE0YjZkNmFkOTMlMjEyelUyRnVZWGxwSUUxb0xpd2dTOFN4YzhTeGEyekVzU0JUYXlCT2J6bzNMQ0F6TkRReE5TQkxZY1NmeExGMGFHRnVaU19Fc0hOMFlXNWlkV3clMjE1ZTAlMjEzbTIlMjExc2VuJTIxMnN0ciUyMTR2MTUyNzI4NjQ2NDY5OCUyMiUyMHdpZHRoJTNEJTIyNjAwJTIyJTIwaGVpZ2h0JTNEJTIyNDUwJTIyJTIwZnJhbWVib3JkZXIlM0QlMjIwJTIyJTIwc3R5bGUlM0QlMjJib3JkZXIlM0EwJTIyJTIwYWxsb3dmdWxsc2NyZWVuJTNFJTNDJTJGaWZyYW1lJTNF&#8221; el_class=&#8221;gmap&#8221;][\/vc_column][\/vc_row][vc_row row_type=&#8221;row&#8221; use_row_as_full_screen_section=&#8221;no&#8221; type=&#8221;full_width&#8221; text_align=&#8221;left&#8221; background_animation=&#8221;none&#8221; css_animation=&#8221;&#8221;][vc_column][vc_empty_space height=&#8221;80px&#8221;][\/vc_column][\/vc_row][vc_row row_type=&#8221;parallax&#8221; text_align=&#8221;left&#8221; background_image=&#8221;1590&#8243; full_screen_section_height=&#8221;no&#8221; section_height=&#8221;280&#8243;][vc_column][qode_elements_holder number_of_columns=&#8221;one_column&#8221;][qode_elements_holder_item item_padding=&#8221;35% 0%&#8221;][vc_empty_space height=&#8221;100px&#8221;][\/qode_elements_holder_item][\/qode_elements_holder][\/vc_column][\/vc_row]<\/p>\n<\/div>","protected":false},"excerpt":{"rendered":"<p>[vc_row row_type=&#8221;row&#8221; use_row_as_full_screen_section=&#8221;no&#8221; type=&#8221;grid&#8221; text_align=&#8221;left&#8221; background_animation=&#8221;none&#8221; css_animation=&#8221;&#8221; css=&#8221;.vc_custom_1530834980118{padding-top: 4% !important;}&#8221;][vc_column][vc_column_text] Merhaba Deyin [\/vc_column_text][vc_empty_space height=&#8221;64px&#8221;][\/vc_column][\/vc_row][vc_row row_type=&#8221;row&#8221; use_row_as_full_screen_section=&#8221;no&#8221; type=&#8221;grid&#8221; text_align=&#8221;left&#8221; background_animation=&#8221;none&#8221; css_animation=&#8221;&#8221;][vc_column width=&#8221;1\/3&#8243;][qode_elements_holder number_of_columns=&#8221;one_column&#8221;][qode_elements_holder_item][vc_column_text] \u00a0info@studiokali.com.tr [\/vc_column_text][vc_empty_space height=&#8221;6px&#8221;][vc_column_text] Sanayi Mah. Laleg\u00fcl Sok. No:7 Elmas Levent Studio, Daire:19 34415, Ka\u011f\u0131thane, Istanbul, Turkey [\/vc_column_text][vc_empty_space height=&#8221;6px&#8221;][vc_column_text] \u00a0+90 533 4642719 [\/vc_column_text][vc_empty_space height=&#8221;30px&#8221;][vc_column_text&#8230;<\/p>\n","protected":false},"author":1,"featured_media":0,"parent":0,"menu_order":0,"comment_status":"closed","ping_status":"closed","template":"full_width.php","meta":{"_monsterinsights_skip_tracking":false,"_monsterinsights_sitenote_active":false,"_monsterinsights_sitenote_note":"","_monsterinsights_sitenote_category":0,"footnotes":""},"class_list":["post-1954","page","type-page","status-publish","hentry"],"yoast_head":"<!-- This site is optimized with the Yoast SEO plugin v27.2 - https:\/\/yoast.com\/product\/yoast-seo-wordpress\/ -->\n<title>\u0130leti\u015fim - Studio Kali<\/title>\n<meta name=\"robots\" content=\"index, follow, max-snippet:-1, max-image-preview:large, max-video-preview:-1\" \/>\n<link rel=\"canonical\" href=\"https:\/\/studiokali.com.tr\/tr\/iletisim\/\" \/>\n<meta property=\"og:locale\" content=\"en_US\" \/>\n<meta property=\"og:type\" content=\"article\" \/>\n<meta property=\"og:title\" content=\"\u0130leti\u015fim - Studio Kali\" \/>\n<meta property=\"og:description\" content=\"[vc_row row_type=&#8221;row&#8221; use_row_as_full_screen_section=&#8221;no&#8221; type=&#8221;grid&#8221; text_align=&#8221;left&#8221; background_animation=&#8221;none&#8221; css_animation=&#8221;&#8221; css=&#8221;.vc_custom_1530834980118{padding-top: 4% !important;}&#8221;][vc_column][vc_column_text] Merhaba Deyin [\/vc_column_text][vc_empty_space height=&#8221;64px&#8221;][\/vc_column][\/vc_row][vc_row row_type=&#8221;row&#8221; use_row_as_full_screen_section=&#8221;no&#8221; type=&#8221;grid&#8221; text_align=&#8221;left&#8221; background_animation=&#8221;none&#8221; css_animation=&#8221;&#8221;][vc_column width=&#8221;1\/3&#8243;][qode_elements_holder number_of_columns=&#8221;one_column&#8221;][qode_elements_holder_item][vc_column_text] \u00a0info@studiokali.com.tr [\/vc_column_text][vc_empty_space height=&#8221;6px&#8221;][vc_column_text] Sanayi Mah. Laleg\u00fcl Sok. No:7 Elmas Levent Studio, Daire:19 34415, Ka\u011f\u0131thane, Istanbul, Turkey [\/vc_column_text][vc_empty_space height=&#8221;6px&#8221;][vc_column_text] \u00a0+90 533 4642719 [\/vc_column_text][vc_empty_space height=&#8221;30px&#8221;][vc_column_text...\" \/>\n<meta property=\"og:url\" content=\"https:\/\/studiokali.com.tr\/tr\/iletisim\/\" \/>\n<meta property=\"og:site_name\" content=\"Studio Kali\" \/>\n<meta property=\"article:modified_time\" content=\"2025-02-17T16:27:52+00:00\" \/>\n<meta name=\"twitter:card\" content=\"summary_large_image\" \/>\n<meta name=\"twitter:label1\" content=\"Est. reading time\" \/>\n\t<meta name=\"twitter:data1\" content=\"2 minutes\" \/>\n<!-- \/ Yoast SEO plugin. -->","yoast_head_json":{"title":"\u0130leti\u015fim - Studio Kali","robots":{"index":"index","follow":"follow","max-snippet":"max-snippet:-1","max-image-preview":"max-image-preview:large","max-video-preview":"max-video-preview:-1"},"canonical":"https:\/\/studiokali.com.tr\/tr\/iletisim\/","og_locale":"en_US","og_type":"article","og_title":"\u0130leti\u015fim - Studio Kali","og_description":"[vc_row row_type=&#8221;row&#8221; use_row_as_full_screen_section=&#8221;no&#8221; type=&#8221;grid&#8221; text_align=&#8221;left&#8221; background_animation=&#8221;none&#8221; css_animation=&#8221;&#8221; css=&#8221;.vc_custom_1530834980118{padding-top: 4% !important;}&#8221;][vc_column][vc_column_text] Merhaba Deyin [\/vc_column_text][vc_empty_space height=&#8221;64px&#8221;][\/vc_column][\/vc_row][vc_row row_type=&#8221;row&#8221; use_row_as_full_screen_section=&#8221;no&#8221; type=&#8221;grid&#8221; text_align=&#8221;left&#8221; background_animation=&#8221;none&#8221; css_animation=&#8221;&#8221;][vc_column width=&#8221;1\/3&#8243;][qode_elements_holder number_of_columns=&#8221;one_column&#8221;][qode_elements_holder_item][vc_column_text] \u00a0info@studiokali.com.tr [\/vc_column_text][vc_empty_space height=&#8221;6px&#8221;][vc_column_text] Sanayi Mah. Laleg\u00fcl Sok. No:7 Elmas Levent Studio, Daire:19 34415, Ka\u011f\u0131thane, Istanbul, Turkey [\/vc_column_text][vc_empty_space height=&#8221;6px&#8221;][vc_column_text] \u00a0+90 533 4642719 [\/vc_column_text][vc_empty_space height=&#8221;30px&#8221;][vc_column_text...","og_url":"https:\/\/studiokali.com.tr\/tr\/iletisim\/","og_site_name":"Studio Kali","article_modified_time":"2025-02-17T16:27:52+00:00","twitter_card":"summary_large_image","twitter_misc":{"Est. reading time":"2 minutes"},"schema":{"@context":"https:\/\/schema.org","@graph":[{"@type":"WebPage","@id":"https:\/\/studiokali.com.tr\/tr\/iletisim\/","url":"https:\/\/studiokali.com.tr\/tr\/iletisim\/","name":"\u0130leti\u015fim - Studio Kali","isPartOf":{"@id":"https:\/\/studiokali.com.tr\/tr\/#website"},"datePublished":"2018-07-05T23:01:32+00:00","dateModified":"2025-02-17T16:27:52+00:00","breadcrumb":{"@id":"https:\/\/studiokali.com.tr\/tr\/iletisim\/#breadcrumb"},"inLanguage":"en-US","potentialAction":[{"@type":"ReadAction","target":["https:\/\/studiokali.com.tr\/tr\/iletisim\/"]}]},{"@type":"BreadcrumbList","@id":"https:\/\/studiokali.com.tr\/tr\/iletisim\/#breadcrumb","itemListElement":[{"@type":"ListItem","position":1,"name":"Home","item":"https:\/\/studiokali.com.tr\/tr\/"},{"@type":"ListItem","position":2,"name":"\u0130leti\u015fim"}]},{"@type":"WebSite","@id":"https:\/\/studiokali.com.tr\/tr\/#website","url":"https:\/\/studiokali.com.tr\/tr\/","name":"Studio Kali","description":"Design studio","publisher":{"@id":"https:\/\/studiokali.com.tr\/tr\/#organization"},"potentialAction":[{"@type":"SearchAction","target":{"@type":"EntryPoint","urlTemplate":"https:\/\/studiokali.com.tr\/tr\/?s={search_term_string}"},"query-input":{"@type":"PropertyValueSpecification","valueRequired":true,"valueName":"search_term_string"}}],"inLanguage":"en-US"},{"@type":"Organization","@id":"https:\/\/studiokali.com.tr\/tr\/#organization","name":"Studio Kali","url":"https:\/\/studiokali.com.tr\/tr\/","logo":{"@type":"ImageObject","inLanguage":"en-US","@id":"https:\/\/studiokali.com.tr\/tr\/#\/schema\/logo\/image\/","url":"https:\/\/studiokali.com.tr\/tr\/wp-content\/uploads\/2018\/11\/Studio-Kali-Option-6-85-Black.png","contentUrl":"https:\/\/studiokali.com.tr\/tr\/wp-content\/uploads\/2018\/11\/Studio-Kali-Option-6-85-Black.png","width":403,"height":285,"caption":"Studio Kali"},"image":{"@id":"https:\/\/studiokali.com.tr\/tr\/#\/schema\/logo\/image\/"}}]}},"jetpack_sharing_enabled":true,"_links":{"self":[{"href":"https:\/\/studiokali.com.tr\/tr\/wp-json\/wp\/v2\/pages\/1954","targetHints":{"allow":["GET"]}}],"collection":[{"href":"https:\/\/studiokali.com.tr\/tr\/wp-json\/wp\/v2\/pages"}],"about":[{"href":"https:\/\/studiokali.com.tr\/tr\/wp-json\/wp\/v2\/types\/page"}],"author":[{"embeddable":true,"href":"https:\/\/studiokali.com.tr\/tr\/wp-json\/wp\/v2\/users\/1"}],"replies":[{"embeddable":true,"href":"https:\/\/studiokali.com.tr\/tr\/wp-json\/wp\/v2\/comments?post=1954"}],"version-history":[{"count":55,"href":"https:\/\/studiokali.com.tr\/tr\/wp-json\/wp\/v2\/pages\/1954\/revisions"}],"predecessor-version":[{"id":3685,"href":"https:\/\/studiokali.com.tr\/tr\/wp-json\/wp\/v2\/pages\/1954\/revisions\/3685"}],"wp:attachment":[{"href":"https:\/\/studiokali.com.tr\/tr\/wp-json\/wp\/v2\/media?parent=1954"}],"curies":[{"name":"wp","href":"https:\/\/api.w.org\/{rel}","templated":true}]}}